{"id":1906,"date":"2024-01-07T15:50:16","date_gmt":"2024-01-07T13:50:16","guid":{"rendered":"https:\/\/grizinkalns.lv\/product\/%d0%bb%d1%8e%d1%81%d1%82%d1%80%d0%b0-0206\/"},"modified":"2025-03-15T13:24:14","modified_gmt":"2025-03-15T11:24:14","slug":"%d0%bb%d1%8e%d1%81%d1%82%d1%80%d0%b0-0206","status":"publish","type":"product","link":"https:\/\/grizinkalns.lv\/ru\/product\/%d0%bb%d1%8e%d1%81%d1%82%d1%80%d0%b0-0206\/","title":{"rendered":"Lustra 0206 (aba\u017e\u016bru var main\u012bt)"},"content":{"rendered":"","protected":false},"excerpt":{"rendered":"","protected":false},"featured_media":1904,"comment_status":"open","ping_status":"closed","template":"","meta":[],"product_cat":[73],"product_tag":[93,96],"class_list":{"0":"post-1906","1":"product","2":"type-product","3":"status-publish","4":"has-post-thumbnail","6":"product_cat-73","7":"product_tag-lampa-ru","8":"product_tag-lustra-ru","10":"first","11":"instock","12":"shipping-taxable","13":"product-type-simple"},"_links":{"self":[{"href":"https:\/\/grizinkalns.lv\/ru\/wp-json\/wp\/v2\/product\/1906","targetHints":{"allow":["GET"]}}],"collection":[{"href":"https:\/\/grizinkalns.lv\/ru\/wp-json\/wp\/v2\/product"}],"about":[{"href":"https:\/\/grizinkalns.lv\/ru\/wp-json\/wp\/v2\/types\/product"}],"replies":[{"embeddable":true,"href":"https:\/\/grizinkalns.lv\/ru\/wp-json\/wp\/v2\/comments?post=1906"}],"wp:featuredmedia":[{"embeddable":true,"href":"https:\/\/grizinkalns.lv\/ru\/wp-json\/wp\/v2\/media\/1904"}],"wp:attachment":[{"href":"https:\/\/grizinkalns.lv\/ru\/wp-json\/wp\/v2\/media?parent=1906"}],"wp:term":[{"taxonomy":"product_cat","embeddable":true,"href":"https:\/\/grizinkalns.lv\/ru\/wp-json\/wp\/v2\/product_cat?post=1906"},{"taxonomy":"product_tag","embeddable":true,"href":"https:\/\/grizinkalns.lv\/ru\/wp-json\/wp\/v2\/product_tag?post=1906"}],"curies":[{"name":"wp","href":"https:\/\/api.w.org\/{rel}","templated":true}]}}