{"id":1469,"date":"2023-02-01T11:38:13","date_gmt":"2023-02-01T11:38:13","guid":{"rendered":"https:\/\/grizinkalns.lv\/product\/dazadi-abazuri\/"},"modified":"2025-12-16T13:10:54","modified_gmt":"2025-12-16T11:10:54","slug":"dazadi-abazuri","status":"publish","type":"product","link":"https:\/\/grizinkalns.lv\/ru\/product\/dazadi-abazuri\/","title":{"rendered":"Da\u017e\u0101di aba\u017e\u016bri"},"content":{"rendered":"","protected":false},"excerpt":{"rendered":"","protected":false},"featured_media":2486,"comment_status":"open","ping_status":"closed","template":"","meta":[],"product_cat":[69],"product_tag":[87],"class_list":{"0":"post-1469","1":"product","2":"type-product","3":"status-publish","4":"has-post-thumbnail","6":"product_cat-69","7":"product_tag-abazurs-ru","9":"first","10":"instock","11":"shipping-taxable","12":"product-type-simple"},"_links":{"self":[{"href":"https:\/\/grizinkalns.lv\/ru\/wp-json\/wp\/v2\/product\/1469","targetHints":{"allow":["GET"]}}],"collection":[{"href":"https:\/\/grizinkalns.lv\/ru\/wp-json\/wp\/v2\/product"}],"about":[{"href":"https:\/\/grizinkalns.lv\/ru\/wp-json\/wp\/v2\/types\/product"}],"replies":[{"embeddable":true,"href":"https:\/\/grizinkalns.lv\/ru\/wp-json\/wp\/v2\/comments?post=1469"}],"wp:featuredmedia":[{"embeddable":true,"href":"https:\/\/grizinkalns.lv\/ru\/wp-json\/wp\/v2\/media\/2486"}],"wp:attachment":[{"href":"https:\/\/grizinkalns.lv\/ru\/wp-json\/wp\/v2\/media?parent=1469"}],"wp:term":[{"taxonomy":"product_cat","embeddable":true,"href":"https:\/\/grizinkalns.lv\/ru\/wp-json\/wp\/v2\/product_cat?post=1469"},{"taxonomy":"product_tag","embeddable":true,"href":"https:\/\/grizinkalns.lv\/ru\/wp-json\/wp\/v2\/product_tag?post=1469"}],"curies":[{"name":"wp","href":"https:\/\/api.w.org\/{rel}","templated":true}]}}