{"id":1431,"date":"2023-02-01T11:49:43","date_gmt":"2023-02-01T11:49:43","guid":{"rendered":"https:\/\/grizinkalns.lv\/product\/dazadi-makslas-stikli\/"},"modified":"2023-06-15T15:29:09","modified_gmt":"2023-06-15T15:29:09","slug":"dazadi-makslas-stikli","status":"publish","type":"product","link":"https:\/\/grizinkalns.lv\/ru\/product\/dazadi-makslas-stikli\/","title":{"rendered":"Da\u017e\u0101di m\u0101kslas stikli"},"content":{"rendered":"","protected":false},"excerpt":{"rendered":"","protected":false},"featured_media":1049,"comment_status":"open","ping_status":"closed","template":"","meta":[],"product_cat":[75],"product_tag":[101,102],"class_list":{"0":"post-1431","1":"product","2":"type-product","3":"status-publish","4":"has-post-thumbnail","6":"product_cat-75","7":"product_tag-makslas-stikls-ru","8":"product_tag-stikls-ru","10":"first","11":"instock","12":"shipping-taxable","13":"product-type-simple"},"_links":{"self":[{"href":"https:\/\/grizinkalns.lv\/ru\/wp-json\/wp\/v2\/product\/1431","targetHints":{"allow":["GET"]}}],"collection":[{"href":"https:\/\/grizinkalns.lv\/ru\/wp-json\/wp\/v2\/product"}],"about":[{"href":"https:\/\/grizinkalns.lv\/ru\/wp-json\/wp\/v2\/types\/product"}],"replies":[{"embeddable":true,"href":"https:\/\/grizinkalns.lv\/ru\/wp-json\/wp\/v2\/comments?post=1431"}],"wp:featuredmedia":[{"embeddable":true,"href":"https:\/\/grizinkalns.lv\/ru\/wp-json\/wp\/v2\/media\/1049"}],"wp:attachment":[{"href":"https:\/\/grizinkalns.lv\/ru\/wp-json\/wp\/v2\/media?parent=1431"}],"wp:term":[{"taxonomy":"product_cat","embeddable":true,"href":"https:\/\/grizinkalns.lv\/ru\/wp-json\/wp\/v2\/product_cat?post=1431"},{"taxonomy":"product_tag","embeddable":true,"href":"https:\/\/grizinkalns.lv\/ru\/wp-json\/wp\/v2\/product_tag?post=1431"}],"curies":[{"name":"wp","href":"https:\/\/api.w.org\/{rel}","templated":true}]}}